{"id":120,"date":"2026-01-27T15:05:30","date_gmt":"2026-01-27T14:05:30","guid":{"rendered":"https:\/\/waggeling.net\/?page_id=120"},"modified":"2026-01-27T16:23:49","modified_gmt":"2026-01-27T15:23:49","slug":"projekte","status":"publish","type":"page","link":"https:\/\/waggeling.net\/?page_id=120","title":{"rendered":"Projekte"},"content":{"rendered":"\n<div class=\"wp-block-group alignfull has-contrast-background-color has-background has-global-padding is-layout-constrained wp-container-core-group-is-layout-33c0ff27 wp-block-group-is-layout-constrained\" style=\"margin-top:0;margin-bottom:0;padding-top:var(--wp--preset--spacing--50);padding-right:var(--wp--preset--spacing--50);padding-bottom:var(--wp--preset--spacing--50);padding-left:var(--wp--preset--spacing--50)\">\n<div class=\"wp-block-group is-vertical is-content-justification-left is-layout-flex wp-container-core-group-is-layout-d275a608 wp-block-group-is-layout-flex\">\n<h3 class=\"wp-block-heading has-text-align-center is-style-default has-base-color has-text-color has-link-color wp-elements-a60f0244801ccaa231003110e8994220\">Meine<\/h3>\n\n\n\n<h2 class=\"wp-block-heading has-accent-color has-text-color has-link-color has-kalam-font-family has-xx-large-font-size wp-elements-90205b57268b3517ff2abda11b8ee6f9\">Projekte<\/h2>\n<\/div>\n<\/div>\n\n\n\n<div class=\"wp-block-group alignfull has-base-2-background-color has-background has-global-padding is-layout-constrained wp-container-core-group-is-layout-c0eef6e7 wp-block-group-is-layout-constrained\" style=\"margin-top:0;margin-bottom:0;padding-top:var(--wp--preset--spacing--50);padding-right:var(--wp--preset--spacing--50);padding-bottom:var(--wp--preset--spacing--50);padding-left:var(--wp--preset--spacing--50)\">\n<div class=\"wp-block-group is-vertical is-content-justification-center is-layout-flex wp-container-core-group-is-layout-6329a8f3 wp-block-group-is-layout-flex\">\n<h2 class=\"wp-block-heading has-text-align-center is-style-asterisk\">Erweiterung Hypervisor &amp; Migration XEN \u2192 Proxmox<\/h2>\n\n\n<\/div>\n\n\n\n<hr class=\"wp-block-separator has-text-color has-custom-background-section-color has-alpha-channel-opacity has-custom-background-section-background-color has-background is-style-wide\"\/>\n\n\n\n<div class=\"wp-block-group is-vertical is-content-justification-left is-layout-flex wp-container-core-group-is-layout-d275a608 wp-block-group-is-layout-flex\">\n<p>Bei einem lokalen IT-Dienstleister war ich beteiligt, Hypervisor und Netzwerkinfrastruktur in einem Rechenzentrum zu optimieren und zu erweitern. <\/p>\n\n\n\n<h5 class=\"wp-block-heading\">Ziele des Projekts:<\/h5>\n\n\n\n<ul class=\"wp-block-list\">\n<li>Modernisierung der eingesetzten Systeme<\/li>\n\n\n\n<li>Erweiterung der Kapazit\u00e4ten<\/li>\n\n\n\n<li>Verbesserte Redundanz zur Kompensierung von St\u00f6rungen<\/li>\n\n\n\n<li>Verbesserung der Backup-Prozesse<\/li>\n<\/ul>\n\n\n\n<h5 class=\"wp-block-heading\">Durchgef\u00fchrte Aufgaben:<\/h5>\n\n\n\n<ul class=\"wp-block-list\">\n<li>Auswahl neuer Server und Speichersysteme zur Erweiterung der Kapazit\u00e4ten und unterbrechungsfreien Migration<\/li>\n\n\n\n<li>Installation mehrerer Proxmox VE Hypervisor in einem Cluster<\/li>\n\n\n\n<li>Installation von 2 neuen, hochverf\u00fcgbaren Speichersystemen von Synology f\u00fcr das Proxmox Cluster<\/li>\n\n\n\n<li>Installation von 2 hochverf\u00fcgbaren FS.com Switchen mit MLAG als Core Switch<\/li>\n\n\n\n<li>Migration der virtuellen Maschinen vom XEN Cluster zum Proxmox Cluster<\/li>\n\n\n\n<li>Implementierung eines Monitorings mit Zabbix f\u00fcr die \u00dcberwachung der Kerninfrastruktur und der Kundensysteme<\/li>\n<\/ul>\n<\/div>\n<\/div>\n\n\n\n<div class=\"wp-block-group alignfull has-custom-background-section-background-color has-background has-global-padding is-layout-constrained wp-container-core-group-is-layout-c0eef6e7 wp-block-group-is-layout-constrained\" style=\"margin-top:0;margin-bottom:0;padding-top:var(--wp--preset--spacing--50);padding-right:var(--wp--preset--spacing--50);padding-bottom:var(--wp--preset--spacing--50);padding-left:var(--wp--preset--spacing--50)\">\n<div class=\"wp-block-group is-vertical is-content-justification-center is-layout-flex wp-container-core-group-is-layout-6329a8f3 wp-block-group-is-layout-flex\">\n<h2 class=\"wp-block-heading has-text-align-center is-style-asterisk\">Abl\u00f6sung von Thin-Clients durch Windows Clients<\/h2>\n\n\n<\/div>\n\n\n\n<hr class=\"wp-block-separator has-text-color has-base-color has-alpha-channel-opacity has-base-background-color has-background is-style-wide\"\/>\n\n\n\n<div class=\"wp-block-group is-vertical is-content-justification-left is-layout-flex wp-container-core-group-is-layout-d275a608 wp-block-group-is-layout-flex\">\n<p>Bei meinem ehemaligen Arbeitgeber, einem regionalen Labor in Leipzig, habe ich die Abl\u00f6sung von Thin-Clients durch Windows Clients vorangetrieben. Die Merkmale und Verwaltung der Thin-Clients waren mit einem hohen administrativen Aufwand verbunden und entsprachen nicht mehr den Anforderungen des Unternehmens (beschr\u00e4nkung auf 6 Terminal Server pro Client, begrenzte Peripherie-M\u00f6glichkeiten, begrenzte Aufl\u00f6sung, kein Remote Management).<\/p>\n\n\n\n<h5 class=\"wp-block-heading\">Ziele des Projekts:<\/h5>\n\n\n\n<ul class=\"wp-block-list\">\n<li>Reduzierung des administrativen Aufwands f\u00fcr Thin-Clients und Terminal Server<\/li>\n\n\n\n<li>erh\u00f6hte Resilienz gegen Ausf\u00e4lle in der Infrastruktur<\/li>\n\n\n\n<li>Implementierung von automatisierten Aufgaben, um die Infrastruktur zu vereinheitlichen<\/li>\n<\/ul>\n\n\n\n<h5 class=\"wp-block-heading\">Durchgef\u00fchrte Aufgaben:<\/h5>\n\n\n\n<ul class=\"wp-block-list\">\n<li>Auswahl eines Endpoint Management Systems<\/li>\n\n\n\n<li>Installation der Baramundi Management Suite<\/li>\n\n\n\n<li>Konfiguration des Rollouts via PXE-Boot<\/li>\n\n\n\n<li>Erstellung von Software Paketen<\/li>\n\n\n\n<li>Konzeptionierung und Umsetzung von Gruppenrichtlinien<\/li>\n\n\n\n<li>Automatische Verteilung von mTLS Zertifikaten f\u00fcr Benutzer<\/li>\n\n\n\n<li>Benutzerschulung<\/li>\n<\/ul>\n<\/div>\n<\/div>\n\n\n\n<div class=\"wp-block-group alignfull has-global-padding is-layout-constrained wp-container-core-group-is-layout-c0eef6e7 wp-block-group-is-layout-constrained\" style=\"margin-top:0;margin-bottom:0;padding-top:var(--wp--preset--spacing--50);padding-right:var(--wp--preset--spacing--50);padding-bottom:var(--wp--preset--spacing--50);padding-left:var(--wp--preset--spacing--50)\">\n<div class=\"wp-block-group is-vertical is-content-justification-center is-layout-flex wp-container-core-group-is-layout-6329a8f3 wp-block-group-is-layout-flex\">\n<h2 class=\"wp-block-heading has-text-align-center is-style-asterisk\">Deutscher Juristentag 2022<\/h2>\n\n\n<\/div>\n\n\n\n<hr class=\"wp-block-separator has-text-color has-custom-background-section-color has-alpha-channel-opacity has-custom-background-section-background-color has-background is-style-wide\"\/>\n\n\n\n<div class=\"wp-block-group is-vertical is-content-justification-left is-layout-flex wp-container-core-group-is-layout-d275a608 wp-block-group-is-layout-flex\">\n<p>Als Abschlussprojekt unserer Ausbildung haben wir die technischen Komponenten f\u00fcr den Deutschen Juristentag 2022 in World Conference Center in Bonn in einem Team aus 8 Personen gestellt und w\u00e4hrend der Veranstaltung betreut.<\/p>\n\n\n\n<h5 class=\"wp-block-heading\">Ziele des Projekts:<\/h5>\n\n\n\n<ul class=\"wp-block-list\">\n<li>Bereitstellung von 100 PC-Arbeitspl\u00e4tzen im World Conference Center in Bonn f\u00fcr den Veranstaltungszeitraum<\/li>\n\n\n\n<li>Bereitstellung von Anwendungen wie Active Directory, Dateidiensten und der Aufnahmesoftware f\u00fcr Vortr\u00e4ge<\/li>\n\n\n\n<li>Aufbau und \u00dcberwachung der Netzwerkkomponenten<\/li>\n\n\n\n<li>Aufbau und \u00dcberwachung der Drucker<\/li>\n<\/ul>\n\n\n\n<h5 class=\"wp-block-heading\">Durchgef\u00fchrte Aufgaben:<\/h5>\n\n\n\n<ul class=\"wp-block-list\">\n<li>Vorbereitung von 100 PC-Arbeitspl\u00e4tzen mit Betriebssystem und Software (automatisiert mit FogProject)<\/li>\n\n\n\n<li>Vorbereitung von Hypervisoren zur Bereitstellung der Active Directory, Dateidienste und Aufnahmesoftware<\/li>\n\n\n\n<li>Auf- &amp; Abbau der 100 PC-Arbeitspl\u00e4tzen im World Conference Center in Bonn f\u00fcr den Veranstaltungszeitraum<\/li>\n\n\n\n<li>Auf- &amp; Abbau der Server in einem Serverschrank in den Veranstaltungsr\u00e4umen<\/li>\n\n\n\n<li>Bereitstellung der Serverdienste<\/li>\n\n\n\n<li>Auf- &amp; Abbau und \u00dcberwachung der Netzwerkkomponenten<\/li>\n\n\n\n<li>Auf- &amp; Abbau und \u00dcberwachung der Drucker<\/li>\n<\/ul>\n<\/div>\n<\/div>\n\n\n\n<div class=\"wp-block-group alignfull has-custom-background-section-background-color has-background has-global-padding is-layout-constrained wp-container-core-group-is-layout-c0eef6e7 wp-block-group-is-layout-constrained\" style=\"margin-top:0;margin-bottom:0;padding-top:var(--wp--preset--spacing--50);padding-right:var(--wp--preset--spacing--50);padding-bottom:var(--wp--preset--spacing--50);padding-left:var(--wp--preset--spacing--50)\">\n<div class=\"wp-block-group is-vertical is-content-justification-center is-layout-flex wp-container-core-group-is-layout-6329a8f3 wp-block-group-is-layout-flex\">\n<h2 class=\"wp-block-heading has-text-align-center is-style-asterisk\">Software-Rollout f\u00fcr 2500 Notebooks<\/h2>\n\n\n<\/div>\n\n\n\n<hr class=\"wp-block-separator has-text-color has-base-color has-alpha-channel-opacity has-base-background-color has-background is-style-wide\"\/>\n\n\n\n<div class=\"wp-block-group is-vertical is-content-justification-left is-layout-flex wp-container-core-group-is-layout-d275a608 wp-block-group-is-layout-flex\">\n<p>Wir haben bei einem lokalen IT-Dienstleister 2500 Laptops automatisiert mit einem Betriebssystem und Software f\u00fcr die Verteilung an s\u00e4chsische Schulen versorgt. Herstellerseitig ist das aufspielen des vorbereiteten Images fehlgeschlagen, sodass alle Laptops durch uns an einem Wochenende mit dem funktionierenden Image bespielt wurden.<\/p>\n\n\n\n<h5 class=\"wp-block-heading\">Ziele des Projekts:<\/h5>\n\n\n\n<ul class=\"wp-block-list\">\n<li>Installation von Windows mit entsprechender Konfiguration und Softwarepaketen f\u00fcr 2500 HP Laptops<\/li>\n<\/ul>\n\n\n\n<h5 class=\"wp-block-heading\">Durchgef\u00fchrte Aufgaben:<\/h5>\n\n\n\n<ul class=\"wp-block-list\">\n<li>Vorbereitung eines Servers mit FogProject zum verteilen eines &#8222;golden Image&#8220; an alle Laptops<\/li>\n\n\n\n<li>Erstellung eines WinPE Bootimages zur automatisierten Deaktivierung des UEFI Secure Boots bei den Laptops<\/li>\n\n\n\n<li>Provisorischer Aufbau von Arbeitsstationen mit Netzwerk zur Installation der Laptops<\/li>\n\n\n\n<li>Unboxing von 2500 Laptops und der Durchf\u00fchrung der Installationen<\/li>\n<\/ul>\n<\/div>\n<\/div>\n","protected":false},"excerpt":{"rendered":"<p>Meine Projekte Erweiterung Hypervisor &amp; Migration XEN \u2192 Proxmox Bei einem lokalen IT-Dienstleister war ich beteiligt, Hypervisor und Netzwerkinfrastruktur in einem Rechenzentrum zu optimieren und zu erweitern. Ziele des Projekts: Durchgef\u00fchrte Aufgaben: Abl\u00f6sung von Thin-Clients durch Windows Clients Bei meinem ehemaligen Arbeitgeber, einem regionalen Labor in Leipzig, habe ich die Abl\u00f6sung von Thin-Clients durch Windows [&hellip;]<\/p>\n","protected":false},"author":1,"featured_media":0,"parent":0,"menu_order":0,"comment_status":"closed","ping_status":"closed","template":"page-no-title","meta":{"footnotes":""},"class_list":["post-120","page","type-page","status-publish","hentry"],"_links":{"self":[{"href":"https:\/\/waggeling.net\/index.php?rest_route=\/wp\/v2\/pages\/120","targetHints":{"allow":["GET"]}}],"collection":[{"href":"https:\/\/waggeling.net\/index.php?rest_route=\/wp\/v2\/pages"}],"about":[{"href":"https:\/\/waggeling.net\/index.php?rest_route=\/wp\/v2\/types\/page"}],"author":[{"embeddable":true,"href":"https:\/\/waggeling.net\/index.php?rest_route=\/wp\/v2\/users\/1"}],"replies":[{"embeddable":true,"href":"https:\/\/waggeling.net\/index.php?rest_route=%2Fwp%2Fv2%2Fcomments&post=120"}],"version-history":[{"count":6,"href":"https:\/\/waggeling.net\/index.php?rest_route=\/wp\/v2\/pages\/120\/revisions"}],"predecessor-version":[{"id":132,"href":"https:\/\/waggeling.net\/index.php?rest_route=\/wp\/v2\/pages\/120\/revisions\/132"}],"wp:attachment":[{"href":"https:\/\/waggeling.net\/index.php?rest_route=%2Fwp%2Fv2%2Fmedia&parent=120"}],"curies":[{"name":"wp","href":"https:\/\/api.w.org\/{rel}","templated":true}]}}